{"id":85,"date":"2021-03-18T15:59:32","date_gmt":"2021-03-18T14:59:32","guid":{"rendered":"http:\/\/boutique.chantal-aloevera.com\/?post_type=product&#038;p=85"},"modified":"2021-03-18T15:59:32","modified_gmt":"2021-03-18T14:59:32","slug":"woman-phyto-gelules","status":"publish","type":"product","link":"https:\/\/boutique.chantal-aloevera.com\/index.php\/produit\/woman-phyto-gelules\/","title":{"rendered":"Woman phyto g\u00e9lules"},"content":{"rendered":"<h2>Woman Phyto en g\u00e9lules<\/h2>\n<p>G\u00e9lules Woman Phyto \u2013 pour le bien-\u00eatre f\u00e9minin g\u00e9n\u00e9ral et pour booster au moment de la m\u00e9nopause.<br \/>\nLa m\u00e9nopause est l&#8217;une des p\u00e9riodes o\u00f9 la sant\u00e9 du capital osseux est un th\u00e8me central. Les g\u00e9lules Woman Phyto peuvent alors apporter une contribution importante. Le calcium qu&#8217;elles contiennent est n\u00e9cessaire pour conserver des os normaux et la vitamine D contribue \u00e0 la conservation des os normaux.<\/p>\n","protected":false},"excerpt":{"rendered":"<p>N\u00b0 d&#8217;article: 80332-404<\/p>\n<p>46.00 g<\/p>\n<p>Pour booster le bien-\u00eatre f\u00e9minin<br \/>\n\u2022 Avec du calcium et de la vitamine D pour conserver des os normaux<br \/>\n\u2022 Contient de l&#8217;extrait de tr\u00e8fle rouge<br \/>\n\u2022 Sans lactose ni gluten<br \/>\n\u2022 90 capsules \/ 46,8g<\/p>\n","protected":false},"featured_media":86,"comment_status":"open","ping_status":"closed","template":"","meta":{"spay_email":""},"class_list":["post-85","product","type-product","status-publish","has-post-thumbnail","hentry","product_cat-equilibre-hormonal","product_cat-lifetakt","product_cat-nutrition"],"_links":{"self":[{"href":"https:\/\/boutique.chantal-aloevera.com\/index.php\/wp-json\/wp\/v2\/product\/85","targetHints":{"allow":["GET"]}}],"collection":[{"href":"https:\/\/boutique.chantal-aloevera.com\/index.php\/wp-json\/wp\/v2\/product"}],"about":[{"href":"https:\/\/boutique.chantal-aloevera.com\/index.php\/wp-json\/wp\/v2\/types\/product"}],"replies":[{"embeddable":true,"href":"https:\/\/boutique.chantal-aloevera.com\/index.php\/wp-json\/wp\/v2\/comments?post=85"}],"wp:featuredmedia":[{"embeddable":true,"href":"https:\/\/boutique.chantal-aloevera.com\/index.php\/wp-json\/wp\/v2\/media\/86"}],"wp:attachment":[{"href":"https:\/\/boutique.chantal-aloevera.com\/index.php\/wp-json\/wp\/v2\/media?parent=85"}],"curies":[{"name":"wp","href":"https:\/\/api.w.org\/{rel}","templated":true}]}}