{"id":82,"date":"2021-03-10T21:52:19","date_gmt":"2021-03-10T20:52:19","guid":{"rendered":"http:\/\/boutique.chantal-aloevera.com\/?post_type=product&#038;p=82"},"modified":"2021-03-10T21:52:20","modified_gmt":"2021-03-10T20:52:20","slug":"night-master","status":"publish","type":"product","link":"https:\/\/boutique.chantal-aloevera.com\/index.php\/produit\/night-master\/","title":{"rendered":"Night Master"},"content":{"rendered":"<h2>Night Master<\/h2>\n<p>Vous\u00a0avez souvent du mal \u00e0 vous endormir,\u00a0vous vous\u00a0r\u00e9veillez fr\u00e9quemment pendant\u00a0la nuit ou vous sentez-vous compl\u00e8tement \u00e9puis\u00e9 et fatigu\u00e9 le lendemain matin? Alors vous \u00eates comme\u00a0<strong>78% de la population<\/strong>\u00a0<sup>4<\/sup>.<\/p>\n<p><strong>Un sommeil r\u00e9parateur est urgent<\/strong>\u00a0! Parce que le sommeil a une fonction\u00a0primordiale et est essentiel pour toutes les capacit\u00e9s cognitives. Il est une source de puissance, booster de m\u00e9moire et votre protection contre la d\u00e9pression en m\u00eame temps. En un mot : le sommeil est essentiel pour les humains. Et surtout: Dormir vous rend heureux! Le sommeil est essentiel pour\u00a0la bonne humeur.\u00a0Ceux qui\u00a0ont bien dormi\u00a0peuvent\u00a0mieux g\u00e9rer le stress. Alors,\u00a0<strong>dormez bien et r\u00e9veillez-vous en pleine forme avec LR LIFETAKT Night Master!<\/strong><\/p>\n<p>Consomm\u00e9e r\u00e9guli\u00e8rement, la nouvelle boisson pour la nuit\u00a0<strong>LR LIFETAKT Night Master<\/strong>\u00a0vous assure un sommeil r\u00e9parateur sur le long terme. Le\u00a0<strong>TRIPLE EFFET<\/strong>\u00a0<sup>1,2,3\u00a0\u00a0<\/sup>favorise le rythme de sommeil naturel du corps.<\/p>\n<p>1.<strong>Endormez-vous plus rapidement<\/strong><br \/>\nGr\u00e2ce \u00e0 un l\u00e2cher-prise total<\/p>\n<p>2.<strong>Dormez profond\u00e9ment<\/strong><br \/>\nAvec une meilleure qualit\u00e9 de sommeil<\/p>\n<p>3.<strong>R\u00e9veillez-vous en forme<\/strong><br \/>\nGr\u00e2ce \u00e0 un sommeil r\u00e9parateur id\u00e9al<\/p>\n<p>Une\u00a0formule\u00a0ultra efficace \u00e0 base d&#8217;ingr\u00e9dients actifs naturels\u00a0\u00e0 l&#8217;efficacit\u00e9\u00a0prouv\u00e9e scientifiquement: le\u00a0<strong>Night Master\u00a0<\/strong>n&#8217;est pas seulement absolument sain, il ne vous rend pas d\u00e9pendant et est sans sucre et v\u00e9g\u00e9talien! La boisson\u00a0a un go\u00fbt d\u00e9licieux\u00a0de cerise et peut \u00e9galement \u00eatre\u00a0prise apr\u00e8s le brossage des dents.<\/p>\n<p><sup>1<\/sup>\u00a0www.saffractiv.com, statut: 13.11.2019<br \/>\n<sup>2<\/sup>\u00a0Comercial Quimica Massa, \u00e9tude non publi\u00e9e, 2014<br \/>\n<sup>3<\/sup>\u00a0Les vitamines thiamine, niacine, B6, B12 et magn\u00e9sium contribuent au fonctionnement normal du syst\u00e8me nerveux. Le zinc contribue \u00e0 la fonction cognitive normale.<br \/>\n<sup>4<\/sup>\u00a0Sleep Study, men\u00e9e par MENTE-FACTUM, 2019<\/p>\n","protected":false},"excerpt":{"rendered":"<p>N\u00b0 d&#8217;article: 81110-98<\/p>\n<ul>\n<li>Boisson\u00a0pour un\u00a0sommeil efficace &#8211; assure le sommeil r\u00e9parateur \u00e0 long terme avec la prise r\u00e9guli\u00e8re\u00a0<sup>1,2,3<\/sup><\/li>\n<li>Avec un TRIPLE EFFET unique : s&#8217;endormir plus vite, s&#8217;endormir profond\u00e9ment, se r\u00e9veiller en pleine forme\u00a0<sup>1,2,3,4<\/sup><\/li>\n<li>Aux ingr\u00e9dients\u00a0naturels, tels que\u00a0l&#8217;aloe vera, le safran et l&#8217;extrait de houblon<\/li>\n<li>Sans effet d&#8217;accoutumace : ne donne pas de d\u00e9pendance<\/li>\n<li>V\u00e9g\u00e9talien, sans gluten, sans lactose, sans sucre<\/li>\n<li>Dans\u00a0un pack mensuel pratique: 30 b\u00e2tons de 3,7 g<\/li>\n<\/ul>\n","protected":false},"featured_media":83,"comment_status":"open","ping_status":"closed","template":"","meta":{"spay_email":""},"class_list":["post-82","product","type-product","status-publish","has-post-thumbnail","hentry","product_cat-nutrition","product_cat-sommeil-et-detente"],"_links":{"self":[{"href":"https:\/\/boutique.chantal-aloevera.com\/index.php\/wp-json\/wp\/v2\/product\/82","targetHints":{"allow":["GET"]}}],"collection":[{"href":"https:\/\/boutique.chantal-aloevera.com\/index.php\/wp-json\/wp\/v2\/product"}],"about":[{"href":"https:\/\/boutique.chantal-aloevera.com\/index.php\/wp-json\/wp\/v2\/types\/product"}],"replies":[{"embeddable":true,"href":"https:\/\/boutique.chantal-aloevera.com\/index.php\/wp-json\/wp\/v2\/comments?post=82"}],"wp:featuredmedia":[{"embeddable":true,"href":"https:\/\/boutique.chantal-aloevera.com\/index.php\/wp-json\/wp\/v2\/media\/83"}],"wp:attachment":[{"href":"https:\/\/boutique.chantal-aloevera.com\/index.php\/wp-json\/wp\/v2\/media?parent=82"}],"curies":[{"name":"wp","href":"https:\/\/api.w.org\/{rel}","templated":true}]}}