{"id":80,"date":"2021-03-10T21:46:30","date_gmt":"2021-03-10T20:46:30","guid":{"rendered":"http:\/\/boutique.chantal-aloevera.com\/?post_type=product&#038;p=80"},"modified":"2021-03-10T21:46:30","modified_gmt":"2021-03-10T20:46:30","slug":"mind-master-extreme-set-de-2","status":"publish","type":"product","link":"https:\/\/boutique.chantal-aloevera.com\/index.php\/produit\/mind-master-extreme-set-de-2\/","title":{"rendered":"Mind Master Extreme set de 2"},"content":{"rendered":"<h2>Mind Master Extreme set de 2<\/h2>\n<p>Mind Master Extreme \u2013 le coup de fouet \u00e0 emporter !<\/p>\n<p>Vous manque-t-il, dans les situations stressantes de la vie, l\u2019\u00e9nergie n\u00e9cessaire pour surmonter avec brio les d\u00e9fis extr\u00eames ? Ou avez-vous besoin, entre les repas, d\u2019un coup de fouet rapide pour r\u00e9sister \u00e0 un moment de fatigue, par ex. un creux de midi au travail ? Nous avons dans ce cas exactement ce qu&#8217;il vous faut !\u00a0<strong>LR LIFETAKT MIND MASTER EXTREME<\/strong>\u00a0Performance Powder est la solution innovante pour votre coup de fouet \u2013 en format id\u00e9al et pratique de stick \u00e0 emporter partout.<\/p>\n<p>Direct, intense et efficace \u2013 MIND MASTER EXTREME vous propose deux b\u00e9n\u00e9fices en un : l\u2019\u00e9nergie et la protection. Le coup de fouet est assur\u00e9 par la caf\u00e9ine \u00ab bonjour je suis r\u00e9veill\u00e9 \u00bb issue du guarana<sup>3<\/sup>. Les vitamines B6 et B12 ainsi que la thiamine soutiennent vos performances intellectuelles4. Mind Master Extreme contient en outre des acides amin\u00e9s tels que la leucine, l&#8217;isoleucine et la valine (acides amin\u00e9s essentiels). La protection contre le stress oxydant vous est fournie par un m\u00e9lange efficace d\u2019antioxydants.<sup>1,6<\/sup>\u00a0Mind Master Extreme couvre en outre 100 % de vos besoins journaliers en vitamine E et D. De plus, la vitamine C contenue dans le produit soutient votre syst\u00e8me immunitaire<sup>5<\/sup>\u00a0et la poudre d\u2019Aloe Vera assure votre bien-\u00eatre g\u00e9n\u00e9ral.<\/p>\n<p>Le stick Mind Master Extreme pratique rentre dans toutes les poches et peut \u00eatre consomm\u00e9 directement et sans eau. Et voici comme proc\u00e9der :<\/p>\n<ol>\n<li>Ouvrir le stick.<\/li>\n<li>Ing\u00e9rer sans eau.<\/li>\n<li>Commencer la journ\u00e9e<sup>2,3<\/sup>\u00a0avec le plein d\u2019\u00e9nergie !<\/li>\n<\/ol>\n<p><sup>1<\/sup>\u00a0La vitamine E contribue \u00e0 prot\u00e9ger les cellules contre le stress oxydant.<br \/>\n<sup>2<\/sup>\u00a0La vitamine B12 contribue \u00e0 la diminution de la fatigue et de la sensation d\u2019\u00e9puisement.<br \/>\n<sup>3<\/sup>\u00a0La caf\u00e9ine contenue dans le guarana aide \u00e0 augmenter l\u2019attention et la concentration. La caf\u00e9ine contenue dans le guarana contribue \u00e0 am\u00e9liorer l\u2019endurance.<br \/>\n<sup>4<\/sup>\u00a0La thiamine et les vitamines B6 et B12 contribuent \u00e0 une fonction psychique normale.<br \/>\n<sup>5<\/sup>\u00a0La vitamine C contribue \u00e0 un fonctionnement normal du syst\u00e8me immunitaire.<br \/>\n<sup>6<\/sup>\u00a0La vitamine E contribue \u00e0 prot\u00e9ger les cellules contre le stress oxydant.<\/p>\n<p>&nbsp;<\/p>\n","protected":false},"excerpt":{"rendered":"<p>N\u00b0 d&#8217;article: 80982-398<\/p>\n<p>70.00 g<\/p>\n<ul>\n<li>Coup de pouce \u00e9nerg\u00e9tique pour les performances mentales et physiques2,3,4<\/li>\n<li>Prot\u00e8ge contre le stress oxydatif1<\/li>\n<li>Sans Sucre<\/li>\n<li>Tient dans toutes les poches et peut \u00eatre consomm\u00e9 sans eau<\/li>\n<li>Un paquet contient 14 sticks de 2,5 g chacun<\/li>\n<\/ul>\n","protected":false},"featured_media":81,"comment_status":"open","ping_status":"closed","template":"","meta":{"spay_email":""},"class_list":["post-80","product","type-product","status-publish","has-post-thumbnail","hentry","product_cat-energie-et-performance","product_cat-lifetakt","product_cat-mental-power","product_cat-nutrition"],"_links":{"self":[{"href":"https:\/\/boutique.chantal-aloevera.com\/index.php\/wp-json\/wp\/v2\/product\/80","targetHints":{"allow":["GET"]}}],"collection":[{"href":"https:\/\/boutique.chantal-aloevera.com\/index.php\/wp-json\/wp\/v2\/product"}],"about":[{"href":"https:\/\/boutique.chantal-aloevera.com\/index.php\/wp-json\/wp\/v2\/types\/product"}],"replies":[{"embeddable":true,"href":"https:\/\/boutique.chantal-aloevera.com\/index.php\/wp-json\/wp\/v2\/comments?post=80"}],"wp:featuredmedia":[{"embeddable":true,"href":"https:\/\/boutique.chantal-aloevera.com\/index.php\/wp-json\/wp\/v2\/media\/81"}],"wp:attachment":[{"href":"https:\/\/boutique.chantal-aloevera.com\/index.php\/wp-json\/wp\/v2\/media?parent=80"}],"curies":[{"name":"wp","href":"https:\/\/api.w.org\/{rel}","templated":true}]}}