{"id":69,"date":"2021-02-21T21:35:45","date_gmt":"2021-02-21T20:35:45","guid":{"rendered":"http:\/\/boutique.chantal-aloevera.com\/?post_type=product&#038;p=69"},"modified":"2021-03-01T01:21:41","modified_gmt":"2021-03-01T00:21:41","slug":"baume-corporel-hydratant","status":"publish","type":"product","link":"https:\/\/boutique.chantal-aloevera.com\/index.php\/produit\/baume-corporel-hydratant\/","title":{"rendered":"Baume corporel hydratant"},"content":{"rendered":"<h2>Aloe Vera Baume corporel \u00e0 fonction hydratante<\/h2>\n<p>Selon le besoin, appliquer le matin et \/ ou le soir sur tout le corps ou sur les endroits fragiles.<br \/>\n&#8230; La lotion hydratante pour le corps \u00e0 l&#8217;aloe vera est tr\u00e8s g\u00e9n\u00e9reuse. Elle s&#8217;\u00e9tale facilement et enveloppe votre corps d\u00e9licatement. Sa texture p\u00e9n\u00e8tre rapidement dans la peau et y laisse une sensation de fra\u00eecheur, une incroyable douceur et un agr\u00e9able parfum.<br \/>\nPeu importe si vous utilisez la lotion apr\u00e8s la douche et le bain ou pour r\u00e9hydrater votre peau pendant la journ\u00e9e : Savourez la sensation de fra\u00eecheur et de douceur que vous apportent sa texture l\u00e9g\u00e8re et son parfum d\u00e9licat.<\/p>\n","protected":false},"excerpt":{"rendered":"<p>N\u00b0 d&#8217;article: 20639-201<\/p>\n<ul>\n<li>Baume plus l\u00e9ger pour le corps qui p\u00e9n\u00e8tre plus rapidement<\/li>\n<li>Avec 69 % de gel d&#8217;aloe vera et extrait de magnolia bio<\/li>\n<li>Nourrit et entretien de fa\u00e7on intensive<\/li>\n<li>Am\u00e9liore la teneur en humidit\u00e9 de la peau<\/li>\n<li>La peau est entretenue et soyeuse<\/li>\n<\/ul>\n<p><strong>Contenance :<\/strong> 200.00 ml<\/p>\n","protected":false},"featured_media":70,"comment_status":"open","ping_status":"closed","template":"","meta":{"spay_email":""},"class_list":["post-69","product","type-product","status-publish","has-post-thumbnail","hentry","product_cat-aloe-via","product_cat-body-care"],"_links":{"self":[{"href":"https:\/\/boutique.chantal-aloevera.com\/index.php\/wp-json\/wp\/v2\/product\/69","targetHints":{"allow":["GET"]}}],"collection":[{"href":"https:\/\/boutique.chantal-aloevera.com\/index.php\/wp-json\/wp\/v2\/product"}],"about":[{"href":"https:\/\/boutique.chantal-aloevera.com\/index.php\/wp-json\/wp\/v2\/types\/product"}],"replies":[{"embeddable":true,"href":"https:\/\/boutique.chantal-aloevera.com\/index.php\/wp-json\/wp\/v2\/comments?post=69"}],"wp:featuredmedia":[{"embeddable":true,"href":"https:\/\/boutique.chantal-aloevera.com\/index.php\/wp-json\/wp\/v2\/media\/70"}],"wp:attachment":[{"href":"https:\/\/boutique.chantal-aloevera.com\/index.php\/wp-json\/wp\/v2\/media?parent=69"}],"curies":[{"name":"wp","href":"https:\/\/api.w.org\/{rel}","templated":true}]}}