{"id":67,"date":"2021-02-21T21:03:21","date_gmt":"2021-02-21T20:03:21","guid":{"rendered":"http:\/\/boutique.chantal-aloevera.com\/?post_type=product&#038;p=67"},"modified":"2021-03-01T01:21:41","modified_gmt":"2021-03-01T00:21:41","slug":"soins-baume-apres-rasage","status":"publish","type":"product","link":"https:\/\/boutique.chantal-aloevera.com\/index.php\/produit\/soins-baume-apres-rasage\/","title":{"rendered":"Soins Baume apr\u00e8s-rasage"},"content":{"rendered":"<h2>Aloe Vera Baume After Shave<\/h2>\n<p>Soin doux apr\u00e8s rasage<br \/>\nLe soin apr\u00e8s le rasage est \u00e9galement indispensable. Le baume apr\u00e8s rasage \u00e0 l&#8217;aloe vera est un baume pour la peau. Gr\u00e2ce \u00e0 sa forte teneur en aloe vera de 50 % et \u00e0 l&#8217;extrait de th\u00e9 blanc, il calme la peau et hydrate suffisamment.<br \/>\nGr\u00e2ce \u00e0 leur combinaison sp\u00e9ciale de l&#8217;aloe vera hydratant et d&#8217;extrait calmant de calendula bio, les soins pour hommes de LR ALOE VIA sont parfaits pour les exigences particuli\u00e8res de la peau masculine.<\/p>\n","protected":false},"excerpt":{"rendered":"<p>N\u00b0 d&#8217;article: 20421-201<\/p>\n<ul>\n<li>Baume de soin l\u00e9ger pour le visage<\/li>\n<li>Avec 50 % de gel d&#8217;aloe vera et extrait de th\u00e9 blanc bio<\/li>\n<li>R\u00e9duit l&#8217;irritation de la peau et les calme ensuite<\/li>\n<li>Hydrate et entretient<\/li>\n<\/ul>\n<p><strong>Contenance :<\/strong> 100.00 ml<\/p>\n","protected":false},"featured_media":68,"comment_status":"open","ping_status":"closed","template":"","meta":{"spay_email":""},"class_list":["post-67","product","type-product","status-publish","has-post-thumbnail","hentry","product_cat-aloe-via","product_cat-men-care"],"_links":{"self":[{"href":"https:\/\/boutique.chantal-aloevera.com\/index.php\/wp-json\/wp\/v2\/product\/67","targetHints":{"allow":["GET"]}}],"collection":[{"href":"https:\/\/boutique.chantal-aloevera.com\/index.php\/wp-json\/wp\/v2\/product"}],"about":[{"href":"https:\/\/boutique.chantal-aloevera.com\/index.php\/wp-json\/wp\/v2\/types\/product"}],"replies":[{"embeddable":true,"href":"https:\/\/boutique.chantal-aloevera.com\/index.php\/wp-json\/wp\/v2\/comments?post=67"}],"wp:featuredmedia":[{"embeddable":true,"href":"https:\/\/boutique.chantal-aloevera.com\/index.php\/wp-json\/wp\/v2\/media\/68"}],"wp:attachment":[{"href":"https:\/\/boutique.chantal-aloevera.com\/index.php\/wp-json\/wp\/v2\/media?parent=67"}],"curies":[{"name":"wp","href":"https:\/\/api.w.org\/{rel}","templated":true}]}}