{"id":65,"date":"2021-02-21T20:57:01","date_gmt":"2021-02-21T19:57:01","guid":{"rendered":"http:\/\/boutique.chantal-aloevera.com\/?post_type=product&#038;p=65"},"modified":"2021-03-01T01:21:41","modified_gmt":"2021-03-01T00:21:41","slug":"soins-mousse-a-raser-apaisante","status":"publish","type":"product","link":"https:\/\/boutique.chantal-aloevera.com\/index.php\/produit\/soins-mousse-a-raser-apaisante\/","title":{"rendered":"Soins mousse \u00e0 raser apaisante"},"content":{"rendered":"<p>Mousse \u00e0 raser douce pour un rasage parfait<br \/>\nVous souhaitez r\u00e9ussir une rasage pr\u00e9cis et efficace sans devoir supporter les irritations de la peau ? Avec la mousse \u00e0 raser \u00e0 l&#8217;aloe vera qui calme la peau, c&#8217;est tout \u00e0 fait possible. Gr\u00e2ce \u00e0 sa teneur \u00e9lev\u00e9e en aloe vera de 30 %, la peau est calm\u00e9e et suffisamment hydrat\u00e9e.<br \/>\nGr\u00e2ce \u00e0 leur combinaison sp\u00e9ciale de l&#8217;aloe vera hydratant et d&#8217;extrait calmant de calendula bio, les soins pour hommes de LR ALOE VIA sont parfaits pour les exigences particuli\u00e8res de la peau masculine.<\/p>\n","protected":false},"excerpt":{"rendered":"<p>N\u00b0 d&#8217;article: 20420-201<\/p>\n<ul>\n<li>Mousse \u00e0 raser douce<\/li>\n<li>Avec 30 % d\u2019aloe vera<\/li>\n<li>Calme la peau et la prot\u00e8ge des irritations<\/li>\n<li>Hydrate et entretient la peau d\u00e8s avant le rasage<\/li>\n<li>La peau ras\u00e9e est lisse et douce<\/li>\n<li>Pour un rasage efficace et pr\u00e9cis<\/li>\n<\/ul>\n<p><strong>Contenance :<\/strong> 200.00 ml<\/p>\n","protected":false},"featured_media":66,"comment_status":"open","ping_status":"closed","template":"","meta":{"spay_email":""},"class_list":["post-65","product","type-product","status-publish","has-post-thumbnail","hentry","product_cat-aloe-via","product_cat-men-care"],"_links":{"self":[{"href":"https:\/\/boutique.chantal-aloevera.com\/index.php\/wp-json\/wp\/v2\/product\/65","targetHints":{"allow":["GET"]}}],"collection":[{"href":"https:\/\/boutique.chantal-aloevera.com\/index.php\/wp-json\/wp\/v2\/product"}],"about":[{"href":"https:\/\/boutique.chantal-aloevera.com\/index.php\/wp-json\/wp\/v2\/types\/product"}],"replies":[{"embeddable":true,"href":"https:\/\/boutique.chantal-aloevera.com\/index.php\/wp-json\/wp\/v2\/comments?post=65"}],"wp:featuredmedia":[{"embeddable":true,"href":"https:\/\/boutique.chantal-aloevera.com\/index.php\/wp-json\/wp\/v2\/media\/66"}],"wp:attachment":[{"href":"https:\/\/boutique.chantal-aloevera.com\/index.php\/wp-json\/wp\/v2\/media?parent=65"}],"curies":[{"name":"wp","href":"https:\/\/api.w.org\/{rel}","templated":true}]}}