{"id":63,"date":"2021-02-20T23:06:27","date_gmt":"2021-02-20T22:06:27","guid":{"rendered":"http:\/\/boutique.chantal-aloevera.com\/?post_type=product&#038;p=63"},"modified":"2021-03-01T01:21:41","modified_gmt":"2021-03-01T00:21:41","slug":"creme-anti-stress-aloe-vera","status":"publish","type":"product","link":"https:\/\/boutique.chantal-aloevera.com\/index.php\/produit\/creme-anti-stress-aloe-vera\/","title":{"rendered":"Cr\u00e8me anti-stress Alo\u00e9 V\u00e9ra"},"content":{"rendered":"<h2>Aloe Vera Cr\u00e8me Anti-Stress<\/h2>\n<p>Le coup de fra\u00eecheur pour la peau stress\u00e9e des hommes<\/p>\n<p>Non seulement vous, mais votre peau r\u00e9clame \u00e9galement une d\u00e9tente avec soins. La cr\u00e8me anti-stress pour hommes \u00e0 l&#8217;aloe vera entretient, rafra\u00eechit et vitalise votre peau en un tour de main.<br \/>\nAvec 50 % d&#8217;aloe vera et de l&#8217;extrait de th\u00e9 blanc, la peau est revitalis\u00e9e et rafra\u00eechie. Le soin quotidien du visage pour les hommes exigeants !<\/p>\n<p>Gr\u00e2ce \u00e0 leur combinaison sp\u00e9ciale de l&#8217;aloe vera hydratant et d&#8217;extrait calmant de calendula bio, les soins pour hommes de LR ALOE VIA sont parfaits pour les exigences particuli\u00e8res de la peau masculine.<\/p>\n","protected":false},"excerpt":{"rendered":"<p>N\u00b0 d&#8217;article: 20422-201<\/p>\n<ul>\n<li>Cr\u00e8me l\u00e9g\u00e8re rafra\u00eechissante pour le visage<\/li>\n<li>Avec 50 % de gel d&#8217;aloe vera et extrait de th\u00e9 blanc bio<\/li>\n<li>Le coup de fra\u00eecheur pour la peau stress\u00e9e des hommes<\/li>\n<li>Hydrate et vitalise<\/li>\n<\/ul>\n<p><strong>Contenance :<\/strong> 100.00 ml<\/p>\n","protected":false},"featured_media":64,"comment_status":"open","ping_status":"closed","template":"","meta":{"spay_email":""},"class_list":["post-63","product","type-product","status-publish","has-post-thumbnail","hentry","product_cat-aloe-via","product_cat-men-care"],"_links":{"self":[{"href":"https:\/\/boutique.chantal-aloevera.com\/index.php\/wp-json\/wp\/v2\/product\/63","targetHints":{"allow":["GET"]}}],"collection":[{"href":"https:\/\/boutique.chantal-aloevera.com\/index.php\/wp-json\/wp\/v2\/product"}],"about":[{"href":"https:\/\/boutique.chantal-aloevera.com\/index.php\/wp-json\/wp\/v2\/types\/product"}],"replies":[{"embeddable":true,"href":"https:\/\/boutique.chantal-aloevera.com\/index.php\/wp-json\/wp\/v2\/comments?post=63"}],"wp:featuredmedia":[{"embeddable":true,"href":"https:\/\/boutique.chantal-aloevera.com\/index.php\/wp-json\/wp\/v2\/media\/64"}],"wp:attachment":[{"href":"https:\/\/boutique.chantal-aloevera.com\/index.php\/wp-json\/wp\/v2\/media?parent=63"}],"curies":[{"name":"wp","href":"https:\/\/api.w.org\/{rel}","templated":true}]}}