{"id":59,"date":"2021-02-20T22:31:34","date_gmt":"2021-02-20T21:31:34","guid":{"rendered":"http:\/\/boutique.chantal-aloevera.com\/?post_type=product&#038;p=59"},"modified":"2021-03-01T01:21:41","modified_gmt":"2021-03-01T00:21:41","slug":"soins-masque-capillaire-nutri-repair","status":"publish","type":"product","link":"https:\/\/boutique.chantal-aloevera.com\/index.php\/produit\/soins-masque-capillaire-nutri-repair\/","title":{"rendered":"Soins Masque capillaire Nutri-Repair"},"content":{"rendered":"<h2>Aloe Vera Nutri-Repair en masque<\/h2>\n<p>Bien-\u00eatre pour les cheveux<\/p>\n<p>Avez-vous d\u00e9j\u00e0 trouv\u00e9 le masque capillaire qui vous convient ? Le masque capillaire Nutri-Repair \u00e0 l\u2019Aloe Vera sera d\u00e8s maintenant votre premier choix ! Il vous offre une protection longue dur\u00e9e parfaite.<br \/>\nGr\u00e2ce au complexe Nutri-Oil Repair de 7 huiles naturelles et 15 % de gel d&#8217;Aloe Vera, le masque nourrit et r\u00e9pare les cheveux en profondeur. De plus, il remplit les endroits poreux des cheveux afin de leur redonner plus de solidit\u00e9 et prot\u00e8ge durablement de la casse. La surface des cheveux est scell\u00e9e et liss\u00e9e. Pour avoir confiance en soi, jusqu&#8217;au bout des pointes.<\/p>\n","protected":false},"excerpt":{"rendered":"<p>N\u00b0 d&#8217;article: 20730-1<\/p>\n<ul>\n<li>Pour des cheveux brillants et en bonne sant\u00e9 jusqu\u2019aux pointes<\/li>\n<li>Avec 15 % de gel d&#8217;Aloe Vera et un complexe nourrissant et r\u00e9parateur compos\u00e9 de 7 huiles<\/li>\n<li>Nourrit et r\u00e9pare les cheveux en profondeur et remplit les endroits poreux.<\/li>\n<li>Le masque restaure la stabilit\u00e9 du cheveu et le prot\u00e8ge \u00e0 long terme de la cassure.<\/li>\n<li>\u00c0 utiliser 1 \u00e0 2 fois par semaine \u00e0 la place de l&#8217;apr\u00e8s-shampooing<\/li>\n<li>Produit de la s\u00e9rie de soins capillaires LR ALOE VIA Nutri-Repair<\/li>\n<\/ul>\n<p><strong>Contenance :<\/strong> 200.00 ml<\/p>\n","protected":false},"featured_media":60,"comment_status":"open","ping_status":"closed","template":"","meta":{"spay_email":""},"class_list":["post-59","product","type-product","status-publish","has-post-thumbnail","hentry","product_cat-aloe-via","product_cat-hair-care"],"_links":{"self":[{"href":"https:\/\/boutique.chantal-aloevera.com\/index.php\/wp-json\/wp\/v2\/product\/59","targetHints":{"allow":["GET"]}}],"collection":[{"href":"https:\/\/boutique.chantal-aloevera.com\/index.php\/wp-json\/wp\/v2\/product"}],"about":[{"href":"https:\/\/boutique.chantal-aloevera.com\/index.php\/wp-json\/wp\/v2\/types\/product"}],"replies":[{"embeddable":true,"href":"https:\/\/boutique.chantal-aloevera.com\/index.php\/wp-json\/wp\/v2\/comments?post=59"}],"wp:featuredmedia":[{"embeddable":true,"href":"https:\/\/boutique.chantal-aloevera.com\/index.php\/wp-json\/wp\/v2\/media\/60"}],"wp:attachment":[{"href":"https:\/\/boutique.chantal-aloevera.com\/index.php\/wp-json\/wp\/v2\/media?parent=59"}],"curies":[{"name":"wp","href":"https:\/\/api.w.org\/{rel}","templated":true}]}}