{"id":57,"date":"2021-02-20T22:22:25","date_gmt":"2021-02-20T21:22:25","guid":{"rendered":"http:\/\/boutique.chantal-aloevera.com\/?post_type=product&#038;p=57"},"modified":"2021-03-01T01:21:41","modified_gmt":"2021-03-01T00:21:41","slug":"aloe-vera-nutri-repair-shampoing","status":"publish","type":"product","link":"https:\/\/boutique.chantal-aloevera.com\/index.php\/produit\/aloe-vera-nutri-repair-shampoing\/","title":{"rendered":"Alo\u00e9 V\u00e9ra Nutri-Repair Shampoing"},"content":{"rendered":"<h2>Aloe Vera Nutri-Repair shampoing<\/h2>\n<p>Des cheveux beaux et renforc\u00e9s, jusqu\u2019aux pointes<\/p>\n<p>Qui ne r\u00eave pas de cheveux lisses et soyeux, brillants de sant\u00e9 jusqu\u2019aux pointes ? Avec le shampooing Aloe Vera Nutri-Repair, ce r\u00eave peut devenir r\u00e9alit\u00e9.<\/p>\n<p>Le shampooing nettoie les cheveux en douceur en attirant les particules de salet\u00e9 comme un aimant et en les \u00e9liminant. Il renforce les cheveux de l&#8217;ext\u00e9rieur avec de la provitamine B5 et hydrate les cheveux et le cuir chevelu gr\u00e2ce \u00e0 45 % de gel d&#8217;Aloe Vera. En plus, il donne aux cheveux un parfum vitalisant frais et fruit\u00e9. Pour avoir confiance en soi, jusqu&#8217;au bout des pointes.<\/p>\n","protected":false},"excerpt":{"rendered":"<p>N\u00b0 d&#8217;article: 20648-1<\/p>\n<ul>\n<li>Pour des cheveux brillants et en bonne sant\u00e9 jusqu\u2019aux pointes<\/li>\n<li>Avec 45 % de gel d&#8217;Aloe Vera et extrait de bambou bio<\/li>\n<li>Nettoie en douceur et renforce les cheveux de l&#8217;ext\u00e9rieur<\/li>\n<li>Hydrate le cheveu et le cuir chevelu<\/li>\n<li>Convient pour une utilisation \u00e0 chaque shampooing<\/li>\n<li>Produit de la s\u00e9rie de soins capillaires LR ALOE VIA Nutri-Repair<\/li>\n<\/ul>\n<p>&nbsp;<\/p>\n<p><strong>Contenance<\/strong> : 200.00 ml<\/p>\n","protected":false},"featured_media":58,"comment_status":"open","ping_status":"closed","template":"","meta":{"spay_email":""},"class_list":["post-57","product","type-product","status-publish","has-post-thumbnail","hentry","product_cat-aloe-via","product_cat-hair-care"],"_links":{"self":[{"href":"https:\/\/boutique.chantal-aloevera.com\/index.php\/wp-json\/wp\/v2\/product\/57","targetHints":{"allow":["GET"]}}],"collection":[{"href":"https:\/\/boutique.chantal-aloevera.com\/index.php\/wp-json\/wp\/v2\/product"}],"about":[{"href":"https:\/\/boutique.chantal-aloevera.com\/index.php\/wp-json\/wp\/v2\/types\/product"}],"replies":[{"embeddable":true,"href":"https:\/\/boutique.chantal-aloevera.com\/index.php\/wp-json\/wp\/v2\/comments?post=57"}],"wp:featuredmedia":[{"embeddable":true,"href":"https:\/\/boutique.chantal-aloevera.com\/index.php\/wp-json\/wp\/v2\/media\/58"}],"wp:attachment":[{"href":"https:\/\/boutique.chantal-aloevera.com\/index.php\/wp-json\/wp\/v2\/media?parent=57"}],"curies":[{"name":"wp","href":"https:\/\/api.w.org\/{rel}","templated":true}]}}