{"id":55,"date":"2021-02-20T22:05:49","date_gmt":"2021-02-20T21:05:49","guid":{"rendered":"http:\/\/boutique.chantal-aloevera.com\/?post_type=product&#038;p=55"},"modified":"2021-03-01T01:21:41","modified_gmt":"2021-03-01T00:21:41","slug":"aloe-vera-nutri-repair-apres-shampoing","status":"publish","type":"product","link":"https:\/\/boutique.chantal-aloevera.com\/index.php\/produit\/aloe-vera-nutri-repair-apres-shampoing\/","title":{"rendered":"Alo\u00e9 V\u00e9ra Nutri repair Apr\u00e8s-shampoing"},"content":{"rendered":"<h2>Aloe Vera Nutri-Repair apr\u00e8s-shampoing<\/h2>\n<p>Adieu cheveux cassants, bonjour douceur !<\/p>\n<p>L\u2019apr\u00e8s-shampooing, comme son nom l\u2019indique, est utilis\u00e9 apr\u00e8s le shampooing. L\u2019apr\u00e8s-shampooing Nutri-Repair \u00e0 l&#8217;Aloe Vera compl\u00e8te \u00e0 la perfection votre routine de soin capillaire et rend vos cheveux brillants et soyeux.<\/p>\n<p>Gr\u00e2ce au complexe Nutri-Oil Repair de 7 huiles naturelles et 15 % de gel d&#8217;Aloe Vera, l\u2019apr\u00e8s-shampooing nourrit et r\u00e9pare les cheveux de l\u2019int\u00e9rieur sans les alourdir. De plus, il lisse et scelle la surface des cheveux et leur donne un parfum fruit\u00e9 et frais vitalisant. Pour avoir confiance en soi, jusqu&#8217;au bout des pointes.<\/p>\n","protected":false},"excerpt":{"rendered":"<p>N\u00b0 d&#8217;article: 20649-1<\/p>\n<ul>\n<li>Pour des cheveux brillants et en bonne sant\u00e9 jusqu\u2019aux pointes<\/li>\n<li>Avec 15 % de gel d&#8217;Aloe Vera et un complexe nourrissant et r\u00e9parateur compos\u00e9 de 7 huiles<\/li>\n<li>Nourrit et r\u00e9pare les cheveux de l&#8217;int\u00e9rieur sans les alourdir<\/li>\n<li>Lisse les cheveux et referme leurs \u00e9cailles<\/li>\n<li>Convient pour une utilisation \u00e0 chaque shampooing<\/li>\n<li>Produit de la s\u00e9rie de soins capillaires LR ALOE VIA Nutri-Repair<\/li>\n<\/ul>\n<p><strong>Contenance :<\/strong> 200.00 ml<\/p>\n<p>&nbsp;<\/p>\n","protected":false},"featured_media":56,"comment_status":"open","ping_status":"closed","template":"","meta":{"spay_email":""},"class_list":["post-55","product","type-product","status-publish","has-post-thumbnail","hentry","product_cat-aloe-via","product_cat-hair-care"],"_links":{"self":[{"href":"https:\/\/boutique.chantal-aloevera.com\/index.php\/wp-json\/wp\/v2\/product\/55","targetHints":{"allow":["GET"]}}],"collection":[{"href":"https:\/\/boutique.chantal-aloevera.com\/index.php\/wp-json\/wp\/v2\/product"}],"about":[{"href":"https:\/\/boutique.chantal-aloevera.com\/index.php\/wp-json\/wp\/v2\/types\/product"}],"replies":[{"embeddable":true,"href":"https:\/\/boutique.chantal-aloevera.com\/index.php\/wp-json\/wp\/v2\/comments?post=55"}],"wp:featuredmedia":[{"embeddable":true,"href":"https:\/\/boutique.chantal-aloevera.com\/index.php\/wp-json\/wp\/v2\/media\/56"}],"wp:attachment":[{"href":"https:\/\/boutique.chantal-aloevera.com\/index.php\/wp-json\/wp\/v2\/media?parent=55"}],"curies":[{"name":"wp","href":"https:\/\/api.w.org\/{rel}","templated":true}]}}