{"id":41,"date":"2021-02-18T22:03:30","date_gmt":"2021-02-18T21:03:30","guid":{"rendered":"http:\/\/boutique.chantal-aloevera.com\/?post_type=product&#038;p=41"},"modified":"2021-03-01T01:21:41","modified_gmt":"2021-03-01T00:21:41","slug":"sleeping-mask","status":"publish","type":"product","link":"https:\/\/boutique.chantal-aloevera.com\/index.php\/produit\/sleeping-mask\/","title":{"rendered":"Sleeping mask"},"content":{"rendered":"<h2>ZEITGARD Anti-Age System Sleeping Mask<\/h2>\n<p>Votre secret de beaut\u00e9 de ZEITGARD ? Le masque de sommeil ZEITGARD. Pendant que vous dormez, il revitalise la peau avec des ingr\u00e9dients hautement efficaces et veille \u00e0 une peau sensiblement plus lisse. L\u2019huile de jojoba et les baies de Shizandra fournissent l\u2019humidit\u00e9 optimale pour la r\u00e9g\u00e9n\u00e9ration de la peau, pendant que les Ultra Filling Spheres\u00ae s\u2019occupent de l\u2019effet anti-\u00e2ge. Une portion compl\u00e9mentaire de soin en plus de la cr\u00e8me de nuit habituelle, que l\u2019on voit et que l\u2019on sent.<\/p>\n","protected":false},"excerpt":{"rendered":"<p>N\u00b0 d&#8217;article: 71011-1<\/p>\n<p>50.00 ml<\/p>\n<p>ZeitGard Anti-Age System Eye Serum<\/p>\n<ul>\n<li>Masque sans rin\u00e7age avec formule de soin innovatrice<\/li>\n<li>Donne la portion de soin compl\u00e9mentaire pendant la nuit<\/li>\n<li>L\u2019huile de jojoba fournit l\u2019humidit\u00e9 optimale \u00e0 la peau<\/li>\n<li>Les Ultra Filling Spheres\u00ae veillent \u00e0 l\u2019effet anti-\u00e2ge<\/li>\n<li>Les baies de Shizandra soutiennent la r\u00e9g\u00e9n\u00e9ration de la peau<\/li>\n<\/ul>\n","protected":false},"featured_media":51,"comment_status":"open","ping_status":"closed","template":"","meta":{"spay_email":""},"class_list":["post-41","product","type-product","status-publish","has-post-thumbnail","hentry","product_cat-zeitgard"],"_links":{"self":[{"href":"https:\/\/boutique.chantal-aloevera.com\/index.php\/wp-json\/wp\/v2\/product\/41","targetHints":{"allow":["GET"]}}],"collection":[{"href":"https:\/\/boutique.chantal-aloevera.com\/index.php\/wp-json\/wp\/v2\/product"}],"about":[{"href":"https:\/\/boutique.chantal-aloevera.com\/index.php\/wp-json\/wp\/v2\/types\/product"}],"replies":[{"embeddable":true,"href":"https:\/\/boutique.chantal-aloevera.com\/index.php\/wp-json\/wp\/v2\/comments?post=41"}],"wp:featuredmedia":[{"embeddable":true,"href":"https:\/\/boutique.chantal-aloevera.com\/index.php\/wp-json\/wp\/v2\/media\/51"}],"wp:attachment":[{"href":"https:\/\/boutique.chantal-aloevera.com\/index.php\/wp-json\/wp\/v2\/media?parent=41"}],"curies":[{"name":"wp","href":"https:\/\/api.w.org\/{rel}","templated":true}]}}