{"id":39,"date":"2021-02-18T21:57:08","date_gmt":"2021-02-18T20:57:08","guid":{"rendered":"http:\/\/boutique.chantal-aloevera.com\/?post_type=product&#038;p=39"},"modified":"2021-03-01T01:21:41","modified_gmt":"2021-03-01T00:21:41","slug":"power-lift","status":"publish","type":"product","link":"https:\/\/boutique.chantal-aloevera.com\/index.php\/produit\/power-lift\/","title":{"rendered":"Power Lift"},"content":{"rendered":"<h2>ZEITGARD PowerLift cr\u00e8me pour le visage<\/h2>\n<p>Un zeste de fra\u00eecheur intense pour elle et lui<\/p>\n<p>Pour plus de vitalit\u00e9 et d&#8217;\u00e9lasticit\u00e9\u00a0: la cr\u00e8me visage ZEITGARD PowerLift. La cr\u00e8me hydrate la peau et lui apporte de pr\u00e9cieuses vitamines. Convient \u00e9galement \u00e0 la peau des hommes.<\/p>\n","protected":false},"excerpt":{"rendered":"<p>N\u00b0 d&#8217;article: 28100-1<\/p>\n<p>30.00 ml<\/p>\n","protected":false},"featured_media":50,"comment_status":"open","ping_status":"closed","template":"","meta":{"spay_email":""},"class_list":["post-39","product","type-product","status-publish","has-post-thumbnail","hentry","product_cat-zeitgard"],"_links":{"self":[{"href":"https:\/\/boutique.chantal-aloevera.com\/index.php\/wp-json\/wp\/v2\/product\/39","targetHints":{"allow":["GET"]}}],"collection":[{"href":"https:\/\/boutique.chantal-aloevera.com\/index.php\/wp-json\/wp\/v2\/product"}],"about":[{"href":"https:\/\/boutique.chantal-aloevera.com\/index.php\/wp-json\/wp\/v2\/types\/product"}],"replies":[{"embeddable":true,"href":"https:\/\/boutique.chantal-aloevera.com\/index.php\/wp-json\/wp\/v2\/comments?post=39"}],"wp:featuredmedia":[{"embeddable":true,"href":"https:\/\/boutique.chantal-aloevera.com\/index.php\/wp-json\/wp\/v2\/media\/50"}],"wp:attachment":[{"href":"https:\/\/boutique.chantal-aloevera.com\/index.php\/wp-json\/wp\/v2\/media?parent=39"}],"curies":[{"name":"wp","href":"https:\/\/api.w.org\/{rel}","templated":true}]}}