{"id":37,"date":"2021-02-18T21:49:58","date_gmt":"2021-02-18T20:49:58","guid":{"rendered":"http:\/\/boutique.chantal-aloevera.com\/?post_type=product&#038;p=37"},"modified":"2021-03-01T01:21:41","modified_gmt":"2021-03-01T00:21:41","slug":"super-omega","status":"publish","type":"product","link":"https:\/\/boutique.chantal-aloevera.com\/index.php\/produit\/super-omega\/","title":{"rendered":"Super Omega"},"content":{"rendered":"<h2>Duopack Omega 3<\/h2>\n<p>Super Omega 3 actif contribue quotidiennement \u00e0 un fonctionnement cardiaque normale<\/p>\n<p>Les acides gras om\u00e9ga-3 ont un effet tr\u00e8s positif sur divers processus physiques. Vous devez donc vous assurer que vous atteignez toujours la quantit\u00e9 quotidienne recommand\u00e9e d&#8217;acides gras om\u00e9ga-3.<\/p>\n<p>Super Omega 3 activ a une teneur \u00e9lev\u00e9e en acides gras om\u00e9ga-3 et surtout la teneur \u00e9lev\u00e9e en deux pr\u00e9cieux acides gras EPA et DHA contribue au fonctionnement normal du c\u0153ur.<\/p>\n<p>L&#8217;EPA est conjointement responsable de nombreux processus dans l&#8217;organisme, en particulier elle contribue au soutien de la fonction cardiaque. Pour cela, un apport d&#8217;au moins 250 mg de DHA par jour est suffisant. Ce besoin est g\u00e9n\u00e9reusement couvert par la ration quotidienne de Super Omega 3 aktiv. De plus, le DHA contribue \u00e9galement au maintien de notre fonction c\u00e9r\u00e9brale normale.<\/p>\n<p>Les pr\u00e9cieux acides gras om\u00e9ga 3 contenus dans Super Omega 3 aktiv sont obtenus \u00e0 partir d&#8217;huile de poisson de haute qualit\u00e9 de sardines, de maquereau et de thon. LR n&#8217;utilise que du poisson vivant en libert\u00e9 du Pacifique sud-am\u00e9ricain pour la production des capsules. La capture et la transformation sont certifi\u00e9es comme particuli\u00e8rement durables, prot\u00e9geant ainsi l&#8217;environnement et les stocks de poissons et par cons\u00e9quent tous portent le label d&#8217;approbation Friend of the Sea.<\/p>\n","protected":false},"excerpt":{"rendered":"<p>N\u00b0 d&#8217;article: 80349-99<\/p>\n<p>201.60 g<\/p>\n<ul>\n<li>Avec une teneur \u00e9lev\u00e9e en EPA (acide eicosapenta\u00e9no\u00efque) et DHA (acide docosahexa\u00e9no\u00efque)<\/li>\n<li>Uniquement \u00e0 partir de maquereau sauvage, de sardines et de thon<\/li>\n<li>Uniquement de la p\u00eache durable avec le label Friend of the Sea<\/li>\n<li>Sans technologie g\u00e9n\u00e9tique<\/li>\n<li>Contient : 120 g\u00e9lules<\/li>\n<\/ul>\n","protected":false},"featured_media":52,"comment_status":"open","ping_status":"closed","template":"","meta":{"spay_email":""},"class_list":["post-37","product","type-product","status-publish","has-post-thumbnail","hentry","product_cat-non-classe","product_cat-complements-alimentaires","product_cat-lifetakt","product_cat-vital-care-lifetakt"],"_links":{"self":[{"href":"https:\/\/boutique.chantal-aloevera.com\/index.php\/wp-json\/wp\/v2\/product\/37","targetHints":{"allow":["GET"]}}],"collection":[{"href":"https:\/\/boutique.chantal-aloevera.com\/index.php\/wp-json\/wp\/v2\/product"}],"about":[{"href":"https:\/\/boutique.chantal-aloevera.com\/index.php\/wp-json\/wp\/v2\/types\/product"}],"replies":[{"embeddable":true,"href":"https:\/\/boutique.chantal-aloevera.com\/index.php\/wp-json\/wp\/v2\/comments?post=37"}],"wp:featuredmedia":[{"embeddable":true,"href":"https:\/\/boutique.chantal-aloevera.com\/index.php\/wp-json\/wp\/v2\/media\/52"}],"wp:attachment":[{"href":"https:\/\/boutique.chantal-aloevera.com\/index.php\/wp-json\/wp\/v2\/media?parent=37"}],"curies":[{"name":"wp","href":"https:\/\/api.w.org\/{rel}","templated":true}]}}