{"id":31,"date":"2021-02-15T21:32:44","date_gmt":"2021-02-15T20:32:44","guid":{"rendered":"http:\/\/boutique.chantal-aloevera.com\/?post_type=product&#038;p=31"},"modified":"2021-02-18T22:25:00","modified_gmt":"2021-02-18T21:25:00","slug":"aloe-vera-drinking-gel-intense-sivera","status":"publish","type":"product","link":"https:\/\/boutique.chantal-aloevera.com\/index.php\/produit\/aloe-vera-drinking-gel-intense-sivera\/","title":{"rendered":"Alo\u00e9 V\u00e9ra Drinking &#8211; Gel intense Sivera"},"content":{"rendered":"<h2>LR Lifetakt Aloe Vera Drinking Gel Intense Sivera<\/h2>\n<p>Un vrai sp\u00e9cialiste pour votre bien-\u00eatre : le gel \u00e0 boire \u00e0 l&#8217;Aloe Vera Intense Sivera \u00e0 l&#8217;extrait d&#8217;ortie et au miel v\u00e9ritable le gel \u00e0 boire \u00e0 l&#8217;Aloe Vera Intense Sivera allie les propri\u00e9t\u00e9s positives de l&#8217;Aloe Vera avec l&#8217;extrait d&#8217;ortie.<\/p>\n<p>La recherche scientifique est \u00e0 la base des concepts de produits innovants. C&#8217;est pourquoi LR investit beaucoup de temps et d&#8217;argent afin d&#8217;\u00eatre toujours \u00e0 la pointe de la science et de la recherche. Le gel \u00e0 boire \u00e0 l&#8217;Aloe Vera Intense Sivera n&#8217;est qu&#8217;un exemple de la fa\u00e7on dont LR allie les ingr\u00e9dients naturels pr\u00e9cieux en vue de fabriquer, pour vous, des produits d&#8217;excellente qualit\u00e9.<\/p>\n<p>*Teneur en alo\u00efne inf\u00e9rieure \u00e0 la limite de d\u00e9tection de &lt;0,1mg\/L<\/p>\n","protected":false},"excerpt":{"rendered":"<p>N\u00b0 d&#8217;article: 80800-705<\/p>\n<ul>\n<li>Pour le bien-\u00eatre g\u00e9n\u00e9ral<\/li>\n<li>90 % de gel de feuille d\u2019Aloe vera<\/li>\n<li>7 % de miel de fleurs<\/li>\n<li>Avec de l&#8217;extrait d&#8217;ortie pour une forte teneur en silicium<\/li>\n<li>Certifi\u00e9 par le SGS INSTITUT FRESENIUS et l&#8217;IASC (International Aloe Science Council)<\/li>\n<li>S&#8217;associe id\u00e9alement avec Super Omega<\/li>\n<li>Sans alo\u00efne*<\/li>\n<\/ul>\n<p><strong>Contenance :<\/strong> 1000 ml<\/p>\n","protected":false},"featured_media":44,"comment_status":"open","ping_status":"closed","template":"","meta":{"spay_email":""},"class_list":["post-31","product","type-product","status-publish","has-post-thumbnail","hentry","product_cat-complements-alimentaires","product_cat-lifetakt","product_cat-vital-care-lifetakt"],"_links":{"self":[{"href":"https:\/\/boutique.chantal-aloevera.com\/index.php\/wp-json\/wp\/v2\/product\/31","targetHints":{"allow":["GET"]}}],"collection":[{"href":"https:\/\/boutique.chantal-aloevera.com\/index.php\/wp-json\/wp\/v2\/product"}],"about":[{"href":"https:\/\/boutique.chantal-aloevera.com\/index.php\/wp-json\/wp\/v2\/types\/product"}],"replies":[{"embeddable":true,"href":"https:\/\/boutique.chantal-aloevera.com\/index.php\/wp-json\/wp\/v2\/comments?post=31"}],"wp:featuredmedia":[{"embeddable":true,"href":"https:\/\/boutique.chantal-aloevera.com\/index.php\/wp-json\/wp\/v2\/media\/44"}],"wp:attachment":[{"href":"https:\/\/boutique.chantal-aloevera.com\/index.php\/wp-json\/wp\/v2\/media?parent=31"}],"curies":[{"name":"wp","href":"https:\/\/api.w.org\/{rel}","templated":true}]}}