{"id":29,"date":"2021-02-15T21:25:45","date_gmt":"2021-02-15T20:25:45","guid":{"rendered":"http:\/\/boutique.chantal-aloevera.com\/?post_type=product&#038;p=29"},"modified":"2021-03-10T21:54:44","modified_gmt":"2021-03-10T20:54:44","slug":"reishi-plus","status":"publish","type":"product","link":"https:\/\/boutique.chantal-aloevera.com\/index.php\/produit\/reishi-plus\/","title":{"rendered":"Reishi Plus"},"content":{"rendered":"<h2>Reishi Plus en g\u00e9lules<\/h2>\n<p>Le champignon Reishi \u2013 dans la tradition asiatique, le champignon de la long\u00e9vit\u00e9<br \/>\nLes g\u00e9lules Reishi Plus de LR contiennent de la poudre et de l&#8217;extrait de Reishi de grande qualit\u00e9. Les g\u00e9lules boostent le bien-\u00eatre avec de la vitamine C et sont en outre sans lactose et v\u00e9ganes.<\/p>\n<p>1La vitamine C contribue \u00e0 un m\u00e9tabolisme \u00e9nerg\u00e9tique normal.<br \/>\n21La vitamine C prot\u00e8ge contre le stress oxydant et contribue \u00e0 la r\u00e9duction de la fatigue et de la sensation d&#8217;\u00e9puisement.<\/p>\n","protected":false},"excerpt":{"rendered":"<p>N\u00b0 d&#8217;article: 80331-404<\/p>\n<p>Contribuent \u00e0 un m\u00e9tabolisme \u00e9nerg\u00e9tique normal1<br \/>\n\u2022 R\u00e9duisent la fatigue et la sensation d\u2019\u00e9puisement2<br \/>\n\u2022 Fait partie depuis des si\u00e8cles de la tradition asiatique<br \/>\n\u2022 Avec des extraits et de la poudre de Reishi<br \/>\n\u2022 V\u00e9gan<br \/>\n\u2022 Avec de la vitamine C<br \/>\n\u2022 Sans lactose<\/p>\n<p>&nbsp;<\/p>\n<p><strong>Contenance :<\/strong> 30 capsules<\/p>\n","protected":false},"featured_media":54,"comment_status":"open","ping_status":"closed","template":"","meta":{"spay_email":""},"class_list":["post-29","product","type-product","status-publish","has-post-thumbnail","hentry","product_cat-complements-alimentaires","product_cat-lifetakt","product_cat-nutrition","product_cat-pour-le-coeur-et-la-circulation","product_cat-vital-care-lifetakt"],"_links":{"self":[{"href":"https:\/\/boutique.chantal-aloevera.com\/index.php\/wp-json\/wp\/v2\/product\/29","targetHints":{"allow":["GET"]}}],"collection":[{"href":"https:\/\/boutique.chantal-aloevera.com\/index.php\/wp-json\/wp\/v2\/product"}],"about":[{"href":"https:\/\/boutique.chantal-aloevera.com\/index.php\/wp-json\/wp\/v2\/types\/product"}],"replies":[{"embeddable":true,"href":"https:\/\/boutique.chantal-aloevera.com\/index.php\/wp-json\/wp\/v2\/comments?post=29"}],"wp:featuredmedia":[{"embeddable":true,"href":"https:\/\/boutique.chantal-aloevera.com\/index.php\/wp-json\/wp\/v2\/media\/54"}],"wp:attachment":[{"href":"https:\/\/boutique.chantal-aloevera.com\/index.php\/wp-json\/wp\/v2\/media?parent=29"}],"curies":[{"name":"wp","href":"https:\/\/api.w.org\/{rel}","templated":true}]}}