{"id":27,"date":"2021-02-15T21:13:03","date_gmt":"2021-02-15T20:13:03","guid":{"rendered":"http:\/\/boutique.chantal-aloevera.com\/?post_type=product&#038;p=27"},"modified":"2021-02-20T21:38:37","modified_gmt":"2021-02-20T20:38:37","slug":"colostrum-liquid","status":"publish","type":"product","link":"https:\/\/boutique.chantal-aloevera.com\/index.php\/produit\/colostrum-liquid\/","title":{"rendered":"Colostrum Liquid"},"content":{"rendered":"<h2>LR LIFETAKT Colostrum Liquid<\/h2>\n<p>Faites-vous du bien &#8211; sous forme liquide pour une absorption imm\u00e9diate !<\/p>\n<p>Colostrum Liquid est un produit haut de gamme \u00e0 base de colostrum, qui contient les meilleurs composants du premier lait. Il est constitu\u00e9 exclusivement de colostrum, le premier lait maternel de la vache \u00e0 la naissance d&#8217;un veau.<\/p>\n<p>Cette mati\u00e8re naturelle fait l&#8217;objet d&#8217;un traitement unique chez LR, lors duquel la graisse et la cas\u00e9ine sont retir\u00e9es du premier lait, sans pasteurisation. Cela permet de conserver les composants d\u00e9licats du colostrum pendant tout le processus de fabrication.<br \/>\nColostrum Liquid ne contient en outre pas de r\u00e9sidus d&#8217;antibiotiques et de st\u00e9ro\u00efdes d&#8217;anabolisants st\u00e9ro\u00efdiens \u00e0 composante androg\u00e9nique.<br \/>\nColostrum Liquid ne contient pas d&#8217;additifs, de colorants ni de conservateurs et est int\u00e9gralement Made in Germany. Pour le fabriquer, LR n&#8217;utilise que du colostrum exc\u00e9dentaire de vaches europ\u00e9ennes qui a \u00e9t\u00e9 au pr\u00e9alable contr\u00f4l\u00e9 minutieusement.<br \/>\nLa qualit\u00e9 irr\u00e9prochable des produits LR \u00e0 base de colostrum est garantie par le biais de contr\u00f4les permanents, ce que confirme le label qualit\u00e9 de l&#8217;INSTITUT FRESENIUS, l&#8217;un des instituts de certification ind\u00e9pendants les plus rigoureux du march\u00e9.<\/p>\n","protected":false},"excerpt":{"rendered":"<p>N\u00b0 d&#8217;article: 80361-404<\/p>\n<ul>\n<li>Produit haut de gamme \u00e0 base de colostrum<\/li>\n<li>Colostrum de vache d\u00e9graiss\u00e9 et d\u00e9cas\u00e9in\u00e9<\/li>\n<li>Fabriqu\u00e9 avec le meilleur du premier lait de vaches exclusivement europ\u00e9ennes<\/li>\n<li>Sans r\u00e9sidus d&#8217;antibiotiques ni st\u00e9ro\u00efdes d&#8217;anabolisants st\u00e9ro\u00efdiens \u00e0 composante androg\u00e9nique<\/li>\n<li>Sans adjuvants, colorants ou conservateurs<\/li>\n<li>Porteur du label qualit\u00e9 du SGS INSTITUT FRESENIUS<\/li>\n<li>Fabriqu\u00e9 en Allemagne<\/li>\n<li>Produit par un proc\u00e9d\u00e9 de fabrication \u00e0 froid doux pour une concentration en nutriments optimale<\/li>\n<\/ul>\n<p>&nbsp;<\/p>\n<p><strong>Contenance :<\/strong> 125 ml<\/p>\n","protected":false},"featured_media":47,"comment_status":"open","ping_status":"closed","template":"","meta":{"spay_email":""},"class_list":["post-27","product","type-product","status-publish","has-post-thumbnail","hentry","product_cat-complements-alimentaires","product_cat-lifetakt","product_cat-mental-power"],"_links":{"self":[{"href":"https:\/\/boutique.chantal-aloevera.com\/index.php\/wp-json\/wp\/v2\/product\/27","targetHints":{"allow":["GET"]}}],"collection":[{"href":"https:\/\/boutique.chantal-aloevera.com\/index.php\/wp-json\/wp\/v2\/product"}],"about":[{"href":"https:\/\/boutique.chantal-aloevera.com\/index.php\/wp-json\/wp\/v2\/types\/product"}],"replies":[{"embeddable":true,"href":"https:\/\/boutique.chantal-aloevera.com\/index.php\/wp-json\/wp\/v2\/comments?post=27"}],"wp:featuredmedia":[{"embeddable":true,"href":"https:\/\/boutique.chantal-aloevera.com\/index.php\/wp-json\/wp\/v2\/media\/47"}],"wp:attachment":[{"href":"https:\/\/boutique.chantal-aloevera.com\/index.php\/wp-json\/wp\/v2\/media?parent=27"}],"curies":[{"name":"wp","href":"https:\/\/api.w.org\/{rel}","templated":true}]}}