{"id":25,"date":"2021-02-15T21:06:09","date_gmt":"2021-02-15T20:06:09","guid":{"rendered":"http:\/\/boutique.chantal-aloevera.com\/?post_type=product&#038;p=25"},"modified":"2021-02-20T21:48:49","modified_gmt":"2021-02-20T20:48:49","slug":"pro-12","status":"publish","type":"product","link":"https:\/\/boutique.chantal-aloevera.com\/index.php\/produit\/pro-12\/","title":{"rendered":"Pro 12"},"content":{"rendered":"<h2>LR Lifetakt Pro 12 en g\u00e9lules<\/h2>\n<p>G\u00e9lules Pro 12 \u2013 l&#8217;association unique de bact\u00e9ries probiotiques pour le bien-\u00eatre g\u00e9n\u00e9ral<\/p>\n<p>L&#8217;intestin n&#8217;est pas seulement le plus gros organe du corps, il joue \u00e9galement un r\u00f4le tr\u00e8s important dans notre bien-\u00eatre. Les parois intestinales humaines abritent des milliards de bonnes bact\u00e9ries et d\u2019autres bact\u00e9ries. L\u2019\u00e9quilibre naturel de ces bact\u00e9ries a une grande influence sur le bien-\u00eatre.<\/p>\n<p>Les g\u00e9lules Pro 12 peuvent contribuer \u00e0 conserver ou r\u00e9tablir cet \u00e9quilibre. Chaque g\u00e9lule contient pr\u00e8s d&#8217;un milliard de bact\u00e9ries probiotiques issues de 12 souches diff\u00e9rentes. Leur composition est unique.<\/p>\n<p>Pour garantir l&#8217;efficacit\u00e9 des produits probiotiques, il est essentiel de garantir un taux de survie \u00e9lev\u00e9 des bact\u00e9ries lors de leur passage au niveau de l&#8217;estomac. L&#8217;acide chlorhydrique contenu dans l&#8217;estomac peut d\u00e9truire les bact\u00e9ries. Les g\u00e9lules Pro 12 b\u00e9n\u00e9ficient d&#8217;une double microencapsulation qui prot\u00e8ge les bact\u00e9ries bien plus efficacement que dans la plupart des autres produits.<\/p>\n","protected":false},"excerpt":{"rendered":"<p>N\u00b0 d&#8217;article: 80370-404<\/p>\n<ul>\n<li>Pour le bien-\u00eatre g\u00e9n\u00e9ral<\/li>\n<li>12 souches de bact\u00e9ries diff\u00e9rentes<\/li>\n<li>1 milliard de bact\u00e9ries probiotiques par g\u00e9lule<\/li>\n<li>Double microencapsulage brevet\u00e9<\/li>\n<li>N\u00b0 de brevet : EP 2 228 067<\/li>\n<li>Avec des fibres alimentaires<\/li>\n<\/ul>\n<p><strong>Contenance :<\/strong> 30 capsules<\/p>\n","protected":false},"featured_media":53,"comment_status":"open","ping_status":"closed","template":"","meta":{"spay_email":""},"class_list":["post-25","product","type-product","status-publish","has-post-thumbnail","hentry","product_cat-complements-alimentaires","product_cat-lifetakt","product_cat-mental-power"],"_links":{"self":[{"href":"https:\/\/boutique.chantal-aloevera.com\/index.php\/wp-json\/wp\/v2\/product\/25","targetHints":{"allow":["GET"]}}],"collection":[{"href":"https:\/\/boutique.chantal-aloevera.com\/index.php\/wp-json\/wp\/v2\/product"}],"about":[{"href":"https:\/\/boutique.chantal-aloevera.com\/index.php\/wp-json\/wp\/v2\/types\/product"}],"replies":[{"embeddable":true,"href":"https:\/\/boutique.chantal-aloevera.com\/index.php\/wp-json\/wp\/v2\/comments?post=25"}],"wp:featuredmedia":[{"embeddable":true,"href":"https:\/\/boutique.chantal-aloevera.com\/index.php\/wp-json\/wp\/v2\/media\/53"}],"wp:attachment":[{"href":"https:\/\/boutique.chantal-aloevera.com\/index.php\/wp-json\/wp\/v2\/media?parent=25"}],"curies":[{"name":"wp","href":"https:\/\/api.w.org\/{rel}","templated":true}]}}