{"id":23,"date":"2021-02-15T16:54:27","date_gmt":"2021-02-15T15:54:27","guid":{"rendered":"http:\/\/boutique.chantal-aloevera.com\/?post_type=product&#038;p=23"},"modified":"2021-02-20T21:33:47","modified_gmt":"2021-02-20T20:33:47","slug":"mind-master-extreme","status":"publish","type":"product","link":"https:\/\/boutique.chantal-aloevera.com\/index.php\/produit\/mind-master-extreme\/","title":{"rendered":"Mind Master Extr\u00e8me"},"content":{"rendered":"<h2>Mind Master Extreme<\/h2>\n<p>Mind Master Extreme \u2013 le coup de fouet \u00e0 emporter !<\/p>\n<p>Vous manque-t-il, dans les situations stressantes de la vie, l\u2019\u00e9nergie n\u00e9cessaire pour surmonter avec brio les d\u00e9fis extr\u00eames ? Ou avez-vous besoin, entre les repas, d\u2019un coup de fouet rapide pour r\u00e9sister \u00e0 un moment de fatigue, par ex. un creux de midi au travail ? Nous avons dans ce cas exactement ce qu&#8217;il vous faut ! LR LIFETAKT MIND MASTER EXTREME Performance Powder est la solution innovante pour votre coup de fouet \u2013 en format id\u00e9al et pratique de stick \u00e0 emporter partout.<\/p>\n<p>Direct, intense et efficace \u2013 MIND MASTER EXTREME vous propose deux b\u00e9n\u00e9fices en un : l\u2019\u00e9nergie et la protection. Le coup de fouet est assur\u00e9 par la caf\u00e9ine \u00ab bonjour je suis r\u00e9veill\u00e9 \u00bb issue du guarana3. Les vitamines B6 et B12 ainsi que la thiamine soutiennent vos performances intellectuelles4. Mind Master Extreme contient en outre des acides amin\u00e9s tels que la leucine, l&#8217;isoleucine et la valine (acides amin\u00e9s essentiels). La protection contre le stress oxydant vous est fournie par un m\u00e9lange efficace d\u2019antioxydants.1,6 Mind Master Extreme couvre en outre 100 % de vos besoins journaliers en vitamine E et D. De plus, la vitamine C contenue dans le produit soutient votre syst\u00e8me immunitaire5 et la poudre d\u2019Aloe Vera assure votre bien-\u00eatre g\u00e9n\u00e9ral.<br \/>\nLe stick Mind Master Extreme pratique rentre dans toutes les poches et peut \u00eatre consomm\u00e9 directement et sans eau. Et voici comme proc\u00e9der : 1. Ouvrir le stick. 2. Ing\u00e9rer sans eau. 3. Commencer la journ\u00e9e2,3 avec le plein d\u2019\u00e9nergie !<br \/>\n1 La vitamine E contribue \u00e0 prot\u00e9ger les cellules contre le stress oxydant.<br \/>\n2 La vitamine B12 contribue \u00e0 la diminution de la fatigue et de la sensation d\u2019\u00e9puisement.<br \/>\n3 La caf\u00e9ine contenue dans le guarana aide \u00e0 augmenter l\u2019attention et la concentration. La caf\u00e9ine contenue dans le guarana contribue \u00e0 am\u00e9liorer l\u2019endurance.<br \/>\n4 La thiamine et les vitamines B6 et B12 contribuent \u00e0 une fonction psychique normale.<br \/>\n5 La vitamine C contribue \u00e0 un fonctionnement normal du syst\u00e8me immunitaire.<br \/>\n6 La vitamine E contribue \u00e0 prot\u00e9ger les cellules contre le stress oxydant.<\/p>\n","protected":false},"excerpt":{"rendered":"<p>N\u00b0 d&#8217;article: 80980-398<\/p>\n<ul>\n<li>Le coup de fouet pour les performances intellectuelles et physiques2,3,4<\/li>\n<li>Prot\u00e8ge contre le stress oxydant1<\/li>\n<li>La performance en format pratique \u00e0 emmener<\/li>\n<li>Sans sucre<\/li>\n<li>Rentre dans toutes les poches et peut \u00eatre consomm\u00e9 sans eau<\/li>\n<li>Une petite bo\u00eete contient 14 sticks de 2,5 g<\/li>\n<\/ul>\n","protected":false},"featured_media":46,"comment_status":"open","ping_status":"closed","template":"","meta":{"spay_email":""},"class_list":["post-23","product","type-product","status-publish","has-post-thumbnail","hentry","product_cat-complements-alimentaires","product_cat-lifetakt","product_cat-mental-power"],"_links":{"self":[{"href":"https:\/\/boutique.chantal-aloevera.com\/index.php\/wp-json\/wp\/v2\/product\/23","targetHints":{"allow":["GET"]}}],"collection":[{"href":"https:\/\/boutique.chantal-aloevera.com\/index.php\/wp-json\/wp\/v2\/product"}],"about":[{"href":"https:\/\/boutique.chantal-aloevera.com\/index.php\/wp-json\/wp\/v2\/types\/product"}],"replies":[{"embeddable":true,"href":"https:\/\/boutique.chantal-aloevera.com\/index.php\/wp-json\/wp\/v2\/comments?post=23"}],"wp:featuredmedia":[{"embeddable":true,"href":"https:\/\/boutique.chantal-aloevera.com\/index.php\/wp-json\/wp\/v2\/media\/46"}],"wp:attachment":[{"href":"https:\/\/boutique.chantal-aloevera.com\/index.php\/wp-json\/wp\/v2\/media?parent=23"}],"curies":[{"name":"wp","href":"https:\/\/api.w.org\/{rel}","templated":true}]}}