{"id":18,"date":"2021-02-15T12:09:20","date_gmt":"2021-02-15T11:09:20","guid":{"rendered":"http:\/\/boutique.chantal-aloevera.com\/?post_type=product&#038;p=18"},"modified":"2021-02-18T21:21:02","modified_gmt":"2021-02-18T20:21:02","slug":"pro-balance","status":"publish","type":"product","link":"https:\/\/boutique.chantal-aloevera.com\/index.php\/produit\/pro-balance\/","title":{"rendered":"Pro balance"},"content":{"rendered":"<h2>Pro Balance en comprim\u00e9s<\/h2>\n<p>Pro Balance \u2013 contribue \u00e0 un bon \u00e9quilibre acido-basique de l&#8217;organisme<\/p>\n<p>Au quotidien, il n&#8217;est pas toujours facile d&#8217;assurer un apport \u00e9quilibr\u00e9 d&#8217;aliments v\u00e9g\u00e9taux alcalinisants et d&#8217;aliments acidifiants riches en prot\u00e9ines. Ainsi, il n&#8217;est pas rare de souffrir d&#8217;un d\u00e9s\u00e9quilibre acido-basique.<br \/>\nPro Balance est un compl\u00e9ment alimentaire pratique qui s&#8217;int\u00e8gre facilement \u00e0 votre routine quotidienne et qui aide \u00e0 r\u00e9tablir votre \u00e9quilibre acido-basique.<\/p>\n<p>Pro Balance apporte \u00e0 votre corps de pr\u00e9cieux min\u00e9raux et oligo\u00e9l\u00e9ments basiques qui favorisent son \u00e9quilibre interne et contribuent \u00e0 votre bien-\u00eatre. Pro Balance ne contient pas de lactose et est constitu\u00e9 d&#8217;un pr\u00e9cieux m\u00e9lange de citrates, carbonates et gluconates.<\/p>\n<p><sup>1<\/sup>\u00a0Le magn\u00e9sium contenu dans Pro Balance contribue \u00e0 diminuer la fatigue et la sensation d\u2019\u00e9puisement ainsi qu\u2019\u00e0 l\u2019\u00e9quilibre \u00e9lectrolytique.<\/p>\n<p>&nbsp;<\/p>\n<p><strong>Recommandations :<\/strong> 3 fois 1 comprim\u00e9 par jour<\/p>\n<p><strong>Contenance :<\/strong> 360 comprim\u00e9s<\/p>\n<p>&nbsp;<\/p>\n","protected":false},"excerpt":{"rendered":"<p>N\u00b0 d&#8217;article: 80102-404<\/p>\n<ul>\n<li>Min\u00e9raux et oligo\u00e9l\u00e9ments basiques harmonis\u00e9s pour l&#8217;\u00e9quilibre int\u00e9rieur1<\/li>\n<li>Pr\u00e9cieux m\u00e9lange de citrates, carbonates et gluconates<\/li>\n<li>Sans lactose<\/li>\n<\/ul>\n","protected":false},"featured_media":19,"comment_status":"open","ping_status":"closed","template":"","meta":{"spay_email":""},"class_list":["post-18","product","type-product","status-publish","has-post-thumbnail","hentry","product_cat-complements-alimentaires","product_cat-lifetakt","product_cat-mental-power"],"_links":{"self":[{"href":"https:\/\/boutique.chantal-aloevera.com\/index.php\/wp-json\/wp\/v2\/product\/18","targetHints":{"allow":["GET"]}}],"collection":[{"href":"https:\/\/boutique.chantal-aloevera.com\/index.php\/wp-json\/wp\/v2\/product"}],"about":[{"href":"https:\/\/boutique.chantal-aloevera.com\/index.php\/wp-json\/wp\/v2\/types\/product"}],"replies":[{"embeddable":true,"href":"https:\/\/boutique.chantal-aloevera.com\/index.php\/wp-json\/wp\/v2\/comments?post=18"}],"wp:featuredmedia":[{"embeddable":true,"href":"https:\/\/boutique.chantal-aloevera.com\/index.php\/wp-json\/wp\/v2\/media\/19"}],"wp:attachment":[{"href":"https:\/\/boutique.chantal-aloevera.com\/index.php\/wp-json\/wp\/v2\/media?parent=18"}],"curies":[{"name":"wp","href":"https:\/\/api.w.org\/{rel}","templated":true}]}}