{"id":16,"date":"2021-02-15T11:59:49","date_gmt":"2021-02-15T10:59:49","guid":{"rendered":"http:\/\/boutique.chantal-aloevera.com\/?post_type=product&#038;p=16"},"modified":"2021-02-18T21:22:16","modified_gmt":"2021-02-18T20:22:16","slug":"mind-master-formula-red","status":"publish","type":"product","link":"https:\/\/boutique.chantal-aloevera.com\/index.php\/produit\/mind-master-formula-red\/","title":{"rendered":"Mind Master Formula Red"},"content":{"rendered":"<h2>LR Lifetakt Mind Master Formula Red<\/h2>\n<p>Vivez votre vie de fa\u00e7on active et \u00e9nergique ! La variante rouge \u00e0 la saveur fruit\u00e9e de raisin<br \/>\nTravail, famille, sport et loisirs \u2013 tout mener de front peut parfois s&#8217;av\u00e9rer fatigant. Il est d&#8217;autant plus important de fournir \u00e0 l&#8217;\u00e9quilibre nutritif des vitamines et des oligo\u00e9l\u00e9ments utiles.<br \/>\nMind Master fournit des micro\u00e9l\u00e9ments importants. Ils contribuent notamment \u00e0<\/p>\n<ul>\n<li>un bon m\u00e9tabolisme \u00e9nerg\u00e9tique<sup>1<\/sup>,<\/li>\n<li>un bon fonctionnement du syst\u00e8me nerveux<sup>2<\/sup>,<\/li>\n<li>une bonne fonction psychique<sup>3<\/sup>,<\/li>\n<li>une diminution de la fatigue et de la sensation d&#8217;\u00e9puisement<sup>4<\/sup>,<\/li>\n<li>une bonne fonction cognitive<sup>5<\/sup>,<\/li>\n<li>la protection des cellules contre le stress oxydant<sup>6<\/sup>.<\/li>\n<\/ul>\n<p>Mind Master vous accompagne dans votre journ\u00e9e : au travail, \u00e0 l&#8217;\u00e9cole, \u00e0 la fac, durant votre s\u00e9ance de sport.<\/p>\n<p>Votre contribution quotidienne \u00e0 l&#8217;apport parfait en nutriments dans le cadre d&#8217;un style de vie actif !<br \/>\nDes \u00e9tudes scientifiques de l&#8217;EFSA* confirment :<br \/>\n<sup>1<\/sup>La thiamine et la vitamine B12 contribuent au bon fonctionnement du m\u00e9tabolisme.<br \/>\n<sup>2<\/sup>La vitamine B12 contribue au bon fonctionnement du syst\u00e8me nerveux.<br \/>\n<sup>3<\/sup>La vitamine B12 contribue \u00e0 un bon fonctionnement psychique.<br \/>\n<sup>4<\/sup>La vitamine B12 et le fer contribuent \u00e0 diminuer la fatigue et l&#8217;\u00e9puisement.<br \/>\n<sup>5<\/sup>Le fer contribue \u00e0 un bon fonctionnement cognitif.<br \/>\n<sup>6<\/sup>La vitamine E contribue \u00e0 la protection des cellules contre le stress oxydant.<\/p>\n<p>*European Food Safety Authority<\/p>\n<p>&nbsp;<\/p>\n<p>&nbsp;<\/p>\n<p><strong>Recommandations :<\/strong> 80 ml par jour<\/p>\n<p><strong>Contenance :<\/strong> 500 ml<\/p>\n","protected":false},"excerpt":{"rendered":"<p>N\u00b0 d&#8217;article: 80950-604<\/p>\n<ul>\n<li>L&#8217;alli\u00e9 du corps et de l&#8217;esprit en cas de stress oxydant 6<\/li>\n<li>Fournit des micronutriments \u00e0 tous ceux qui donnent une orientation active \u00e0 leur vie<\/li>\n<li>Qualit\u00e9 excellente attest\u00e9e par le SGS INSTITUT FRESENIUS<\/li>\n<li>Le compagnon quotidien au travail, \u00e0 la fac, etc.<\/li>\n<\/ul>\n<p>&nbsp;<\/p>\n","protected":false},"featured_media":17,"comment_status":"open","ping_status":"closed","template":"","meta":{"spay_email":""},"class_list":["post-16","product","type-product","status-publish","has-post-thumbnail","hentry","product_cat-complements-alimentaires","product_cat-mental-power"],"_links":{"self":[{"href":"https:\/\/boutique.chantal-aloevera.com\/index.php\/wp-json\/wp\/v2\/product\/16","targetHints":{"allow":["GET"]}}],"collection":[{"href":"https:\/\/boutique.chantal-aloevera.com\/index.php\/wp-json\/wp\/v2\/product"}],"about":[{"href":"https:\/\/boutique.chantal-aloevera.com\/index.php\/wp-json\/wp\/v2\/types\/product"}],"replies":[{"embeddable":true,"href":"https:\/\/boutique.chantal-aloevera.com\/index.php\/wp-json\/wp\/v2\/comments?post=16"}],"wp:featuredmedia":[{"embeddable":true,"href":"https:\/\/boutique.chantal-aloevera.com\/index.php\/wp-json\/wp\/v2\/media\/17"}],"wp:attachment":[{"href":"https:\/\/boutique.chantal-aloevera.com\/index.php\/wp-json\/wp\/v2\/media?parent=16"}],"curies":[{"name":"wp","href":"https:\/\/api.w.org\/{rel}","templated":true}]}}